{"id":185,"date":"2022-10-27T04:16:08","date_gmt":"2022-10-27T04:16:08","guid":{"rendered":"https:\/\/capcysa.com\/?page_id=185"},"modified":"2022-10-28T20:48:16","modified_gmt":"2022-10-28T20:48:16","slug":"productos-2","status":"publish","type":"page","link":"https:\/\/capcysa.com\/index.php\/productos-2\/","title":{"rendered":"Productos"},"content":{"rendered":"\n<h2 class=\"wp-block-gutenverse-heading guten-element guten-gACYuA\">Conoce nuestros productos<\/h2>\n\n\n\n<div class=\"section-wrapper\" data-id=\"EB5bIq\"><section class=\"wp-block-gutenverse-section guten-element guten-section guten-EB5bIq layout-boxed align-stretch\"><div class=\"guten-background-overlay\"><\/div><div class=\"guten-shape-divider guten-shape-divider-top\"><\/div><div class=\"guten-shape-divider guten-shape-divider-bottom\"><\/div><div class=\"guten-container guten-column-gap-default\">\n<div class=\"wp-block-gutenverse-column guten-element guten-column guten-dBcWLH\"><div class=\"guten-background-overlay\"><\/div><div class=\"sticky-wrapper\" data-id=\"dBcWLH\"><div class=\"guten-column-wrapper\">\n<h2 class=\"wp-block-gutenverse-heading guten-element guten-2wjuhQ\">Jocore\u00f1o<br>Lechero 15%<\/h2>\n\n\n\n<div class=\"guten-element guten-spacer guten-RCCxsM\"><\/div>\n\n\n\n<div class=\"wp-block-gutenverse-image guten-element guten-image guten-t3sKiY\"><a class=\"guten-image-wrapper\"><img decoding=\"async\" loading=\"lazy\" class=\"gutenverse-image-box-filled\" src=\"http:\/\/capcysa.com\/wp-content\/uploads\/2022\/10\/lechero_15_saco.png\" height=\"2000\" width=\"1664\"\/><\/a><\/div>\n<\/div><\/div><\/div>\n\n\n\n<div class=\"wp-block-gutenverse-column guten-element guten-column guten-M1xYE6\"><div class=\"guten-background-overlay\"><\/div><div class=\"sticky-wrapper\" data-id=\"M1xYE6\"><div class=\"guten-column-wrapper\">\n<div class=\"wp-block-group is-layout-flow\">\n<p class=\"has-large-font-size\"><strong>Indicaciones<\/strong><\/p>\n\n\n\n<p class=\"has-normal-font-size\">Alimento balanceado para vaca de Baja Producci\u00f3n, suministrar 1.5 libra de este concentrado por botella de leche producida<\/p>\n\n\n\n<p class=\"has-large-font-size\"><strong>An\u00e1lisis Garantizado<\/strong><\/p>\n\n\n\n<figure class=\"wp-block-table has-normal-font-size\"><table><tbody><tr><td><strong>Descripci\u00f3n<\/strong><\/td><td><strong>Porcentaje<\/strong><\/td><\/tr><tr><td>Prote\u00edna<\/td><td>15% M\u00ednimo<\/td><\/tr><tr><td>Grasa<\/td><td>3% M\u00e1ximo<\/td><\/tr><tr><td>Fibra<\/td><td>14% M\u00e1ximo<\/td><\/tr><tr><td>Humedad<\/td><td>13% M\u00ednimo<\/td><\/tr><tr><td>Ceniza<\/td><td>9% M\u00ednimo<\/td><\/tr><\/tbody><\/table><\/figure>\n<\/div>\n<\/div><\/div><\/div>\n<\/div><\/section><\/div>\n\n\n\n<div class=\"section-wrapper\" data-id=\"MfLkE0\"><section class=\"wp-block-gutenverse-section guten-element guten-section guten-MfLkE0 layout-boxed align-stretch\"><div class=\"guten-background-overlay\"><\/div><div class=\"guten-shape-divider guten-shape-divider-top\"><\/div><div class=\"guten-shape-divider guten-shape-divider-bottom\"><\/div><div class=\"guten-container guten-column-gap-default\">\n<div class=\"wp-block-gutenverse-column guten-element guten-column guten-H0SOtl\"><div class=\"guten-background-overlay\"><\/div><div class=\"sticky-wrapper\" data-id=\"H0SOtl\"><div class=\"guten-column-wrapper\">\n<h2 class=\"wp-block-gutenverse-heading guten-element guten-3SAgOT\">Jocore\u00f1o<br>Lechero 18%<\/h2>\n\n\n\n<div class=\"guten-element guten-spacer guten-v4NRDo\"><\/div>\n\n\n\n<div class=\"wp-block-gutenverse-image guten-element guten-image guten-KyRo7l\"><a class=\"guten-image-wrapper\"><img decoding=\"async\" loading=\"lazy\" class=\"gutenverse-image-box-filled\" src=\"http:\/\/capcysa.com\/wp-content\/uploads\/2022\/10\/lechero_18_saco.png\" height=\"2000\" width=\"1664\"\/><\/a><\/div>\n<\/div><\/div><\/div>\n\n\n\n<div class=\"wp-block-gutenverse-column guten-element guten-column guten-VnLnEh\"><div class=\"guten-background-overlay\"><\/div><div class=\"sticky-wrapper\" data-id=\"VnLnEh\"><div class=\"guten-column-wrapper\">\n<div class=\"wp-block-group is-layout-flow\">\n<p class=\"has-large-font-size\"><strong>Indicaciones<\/strong><\/p>\n\n\n\n<p class=\"has-normal-font-size\">Dar en promedio una libra por botella de leche producida. Complementar con la alimentaci\u00f3n con el suministro de forraje.<\/p>\n\n\n\n<p class=\"has-large-font-size\"><strong>An\u00e1lisis Garantizado<\/strong><\/p>\n\n\n\n<figure class=\"wp-block-table has-normal-font-size\"><table><tbody><tr><td><strong>Descripci\u00f3n<\/strong><\/td><td><strong>Porcentaje<\/strong><\/td><\/tr><tr><td>Prote\u00edna<\/td><td>18% M\u00ednimo<\/td><\/tr><tr><td>Grasa<\/td><td>3% M\u00e1ximo<\/td><\/tr><tr><td>Fibra<\/td><td>8% M\u00e1ximo<\/td><\/tr><tr><td>Humedad<\/td><td>12% M\u00e1ximo<\/td><\/tr><tr><td>Ceniza<\/td><td>6% M\u00e1ximo<\/td><\/tr><\/tbody><\/table><\/figure>\n<\/div>\n<\/div><\/div><\/div>\n<\/div><\/section><\/div>\n\n\n\n<div class=\"section-wrapper\" data-id=\"uOWfkA\"><section class=\"wp-block-gutenverse-section guten-element guten-section guten-uOWfkA layout-boxed align-stretch\"><div class=\"guten-background-overlay\"><\/div><div class=\"guten-shape-divider guten-shape-divider-top\"><\/div><div class=\"guten-shape-divider guten-shape-divider-bottom\"><\/div><div class=\"guten-container guten-column-gap-default\">\n<div class=\"wp-block-gutenverse-column guten-element guten-column guten-tolK05\"><div class=\"guten-background-overlay\"><\/div><div class=\"sticky-wrapper\" data-id=\"tolK05\"><div class=\"guten-column-wrapper\">\n<h2 class=\"wp-block-gutenverse-heading guten-element guten-28PMIB\">Jocore\u00f1o<br>Lechero 23%<\/h2>\n\n\n\n<div class=\"guten-element guten-spacer guten-6VTeHv\"><\/div>\n\n\n\n<div class=\"wp-block-gutenverse-image guten-element guten-image guten-c3bf4O\"><a class=\"guten-image-wrapper\"><img decoding=\"async\" loading=\"lazy\" class=\"gutenverse-image-box-filled\" src=\"http:\/\/capcysa.com\/wp-content\/uploads\/2022\/10\/lechero_23_saco.png\" height=\"2000\" width=\"1664\"\/><\/a><\/div>\n<\/div><\/div><\/div>\n\n\n\n<div class=\"wp-block-gutenverse-column guten-element guten-column guten-jNIxBC\"><div class=\"guten-background-overlay\"><\/div><div class=\"sticky-wrapper\" data-id=\"jNIxBC\"><div class=\"guten-column-wrapper\">\n<div class=\"wp-block-group is-layout-flow\">\n<p class=\"has-large-font-size\"><strong>Indicaciones<\/strong><\/p>\n\n\n\n<p class=\"has-normal-font-size\">Es un alimento balanceado que sirve como suplemento para vacas lecheras de alta producci\u00f3n, suministre una libra de este concentrado por cada botella de leche producida.<\/p>\n\n\n\n<p class=\"has-large-font-size\"><strong>An\u00e1lisis Garantizado<\/strong><\/p>\n\n\n\n<figure class=\"wp-block-table has-normal-font-size\"><table><tbody><tr><td><strong>Descripci\u00f3n<\/strong><\/td><td><strong>Porcentaje<\/strong><\/td><\/tr><tr><td>Prote\u00edna<\/td><td>23% M\u00ednimo<\/td><\/tr><tr><td>Grasa<\/td><td>3% M\u00e1ximo<\/td><\/tr><tr><td>Fibra<\/td><td>6% M\u00e1ximo<\/td><\/tr><tr><td>Humedad<\/td><td>12% M\u00e1ximo<\/td><\/tr><tr><td>Ceniza<\/td><td>8% M\u00e1ximo<\/td><\/tr><\/tbody><\/table><\/figure>\n<\/div>\n<\/div><\/div><\/div>\n<\/div><\/section><\/div>\n\n\n\n<div class=\"section-wrapper\" data-id=\"RI8DGB\"><section class=\"wp-block-gutenverse-section guten-element guten-section guten-RI8DGB layout-boxed align-stretch\"><div class=\"guten-background-overlay\"><\/div><div class=\"guten-shape-divider guten-shape-divider-top\"><\/div><div class=\"guten-shape-divider guten-shape-divider-bottom\"><\/div><div class=\"guten-container guten-column-gap-default\">\n<div class=\"wp-block-gutenverse-column guten-element guten-column guten-61KBYr\"><div class=\"guten-background-overlay\"><\/div><div class=\"sticky-wrapper\" data-id=\"61KBYr\"><div class=\"guten-column-wrapper\">\n<h2 class=\"wp-block-gutenverse-heading guten-element guten-X6ErOy\">Jocore\u00f1o<br>Lechero 23% PLUS<\/h2>\n\n\n\n<div class=\"guten-element guten-spacer guten-rk5q1p\"><\/div>\n\n\n\n<div class=\"wp-block-gutenverse-image guten-element guten-image guten-Oy3ET9\"><a class=\"guten-image-wrapper\"><img decoding=\"async\" loading=\"lazy\" class=\"gutenverse-image-box-filled\" src=\"http:\/\/capcysa.com\/wp-content\/uploads\/2022\/10\/super_lechero.png\" height=\"2000\" width=\"1664\"\/><\/a><\/div>\n<\/div><\/div><\/div>\n\n\n\n<div class=\"wp-block-gutenverse-column guten-element guten-column guten-Nkikq4\"><div class=\"guten-background-overlay\"><\/div><div class=\"sticky-wrapper\" data-id=\"Nkikq4\"><div class=\"guten-column-wrapper\">\n<div class=\"wp-block-group is-layout-flow\">\n<p class=\"has-large-font-size\"><strong>Indicaciones<\/strong><\/p>\n\n\n\n<p class=\"has-normal-font-size\">Es un alimento balanceado que sirve como suplemento para vacas lecheras de alta producci\u00f3n, suministre una libra de este concentrado por cada botella de leche producida.<\/p>\n\n\n\n<p class=\"has-large-font-size\"><strong>An\u00e1lisis Garantizado<\/strong><\/p>\n\n\n\n<figure class=\"wp-block-table has-normal-font-size\"><table><tbody><tr><td><strong>Descripci\u00f3n<\/strong><\/td><td><strong>Porcentaje<\/strong><\/td><\/tr><tr><td>Prote\u00edna<\/td><td>23% M\u00ednimo<\/td><\/tr><tr><td>Grasa<\/td><td>5% M\u00ednimo<\/td><\/tr><tr><td>Fibra<\/td><td>6% M\u00e1ximo<\/td><\/tr><tr><td>Humedad<\/td><td>14% M\u00e1ximo<\/td><\/tr><tr><td>Ceniza<\/td><td>8% M\u00e1ximo<\/td><\/tr><tr><td>C\u00e1lcio<\/td><td>1% M\u00ednimo 2% M\u00e1ximo<\/td><\/tr><tr><td>F\u00f3sforo<\/td><td>0.60% M\u00e1ximo<\/td><\/tr><\/tbody><\/table><\/figure>\n<\/div>\n<\/div><\/div><\/div>\n<\/div><\/section><\/div>\n\n\n\n<div class=\"section-wrapper\" data-id=\"TLeoX8\"><section class=\"wp-block-gutenverse-section guten-element guten-section guten-TLeoX8 layout-boxed align-stretch\"><div class=\"guten-background-overlay\"><\/div><div class=\"guten-shape-divider guten-shape-divider-top\"><\/div><div class=\"guten-shape-divider guten-shape-divider-bottom\"><\/div><div class=\"guten-container guten-column-gap-default\">\n<div class=\"wp-block-gutenverse-column guten-element guten-column guten-z3dMld\"><div class=\"guten-background-overlay\"><\/div><div class=\"sticky-wrapper\" data-id=\"z3dMld\"><div class=\"guten-column-wrapper\">\n<h2 class=\"wp-block-gutenverse-heading guten-element guten-WdLMcZ\">Jocore\u00f1o<br>Mantenimiento<\/h2>\n\n\n\n<div class=\"guten-element guten-spacer guten-T7Ilus\"><\/div>\n\n\n\n<div class=\"wp-block-gutenverse-image guten-element guten-image guten-gXAEwa\"><a class=\"guten-image-wrapper\"><img decoding=\"async\" loading=\"lazy\" class=\"gutenverse-image-box-filled\" src=\"http:\/\/capcysa.com\/wp-content\/uploads\/2022\/10\/mantenimiento_saco.png\" height=\"2000\" width=\"1664\"\/><\/a><\/div>\n<\/div><\/div><\/div>\n\n\n\n<div class=\"wp-block-gutenverse-column guten-element guten-column guten-hDk1Je\"><div class=\"guten-background-overlay\"><\/div><div class=\"sticky-wrapper\" data-id=\"hDk1Je\"><div class=\"guten-column-wrapper\">\n<div class=\"wp-block-group is-layout-flow\">\n<p class=\"has-large-font-size\"><strong>Indicaciones<\/strong><\/p>\n\n\n\n<p class=\"has-normal-font-size\">Alimento balanceado para suplir las necesidades de Mantenimiento en vacas y ganado Horro. No contiene rellenos. Sumin\u00edstrese como complemento del forraje a raz\u00f3n de 5 a 10 libras por animal de acuerdo a su peso al d\u00eda.<\/p>\n\n\n\n<p class=\"has-large-font-size\"><strong>An\u00e1lisis Garantizado<\/strong><\/p>\n\n\n\n<figure class=\"wp-block-table has-normal-font-size\"><table><tbody><tr><td><strong>Descripci\u00f3n<\/strong><\/td><td><strong>Porcentaje<\/strong><\/td><\/tr><tr><td>Prote\u00edna<\/td><td>10% M\u00ednimo<\/td><\/tr><tr><td>Grasa<\/td><td>3% M\u00ednimo<\/td><\/tr><tr><td>Fibra<\/td><td>18% M\u00e1ximo<\/td><\/tr><tr><td>Humedad<\/td><td>13% M\u00e1ximo<\/td><\/tr><tr><td>Ceniza<\/td><td>10% M\u00e1ximo<\/td><\/tr><\/tbody><\/table><\/figure>\n<\/div>\n<\/div><\/div><\/div>\n<\/div><\/section><\/div>\n","protected":false},"excerpt":{"rendered":"","protected":false},"author":1,"featured_media":0,"parent":0,"menu_order":0,"comment_status":"closed","ping_status":"closed","template":"","meta":{"om_disable_all_campaigns":false,"_monsterinsights_skip_tracking":false,"_monsterinsights_sitenote_active":false,"_monsterinsights_sitenote_note":"","_monsterinsights_sitenote_category":0},"aioseo_notices":[],"_links":{"self":[{"href":"https:\/\/capcysa.com\/index.php\/wp-json\/wp\/v2\/pages\/185"}],"collection":[{"href":"https:\/\/capcysa.com\/index.php\/wp-json\/wp\/v2\/pages"}],"about":[{"href":"https:\/\/capcysa.com\/index.php\/wp-json\/wp\/v2\/types\/page"}],"author":[{"embeddable":true,"href":"https:\/\/capcysa.com\/index.php\/wp-json\/wp\/v2\/users\/1"}],"replies":[{"embeddable":true,"href":"https:\/\/capcysa.com\/index.php\/wp-json\/wp\/v2\/comments?post=185"}],"version-history":[{"count":8,"href":"https:\/\/capcysa.com\/index.php\/wp-json\/wp\/v2\/pages\/185\/revisions"}],"predecessor-version":[{"id":220,"href":"https:\/\/capcysa.com\/index.php\/wp-json\/wp\/v2\/pages\/185\/revisions\/220"}],"wp:attachment":[{"href":"https:\/\/capcysa.com\/index.php\/wp-json\/wp\/v2\/media?parent=185"}],"curies":[{"name":"wp","href":"https:\/\/api.w.org\/{rel}","templated":true}]}}